{"id":444,"date":"2018-10-30T14:52:57","date_gmt":"2018-10-30T13:52:57","guid":{"rendered":"https:\/\/preprod.laguildedude.fr\/?page_id=444"},"modified":"2018-11-22T11:14:03","modified_gmt":"2018-11-22T10:14:03","slug":"qui-sommes-nous","status":"publish","type":"page","link":"https:\/\/www.laguildedude.com\/fr\/qui-sommes-nous\/","title":{"rendered":"Qui sommes-nous ?"},"content":{"rendered":"<p>[vc_row css_animation=&#8221;&#8221; row_type=&#8221;row&#8221; use_row_as_full_screen_section=&#8221;no&#8221; type=&#8221;grid&#8221; anchor=&#8221;about&#8221; angled_section=&#8221;no&#8221; text_align=&#8221;left&#8221; background_image_as_pattern=&#8221;without_pattern&#8221; css=&#8221;.vc_custom_1540827173181{padding-top: 100px !important;padding-bottom: 50px !important;}&#8221; z_index=&#8221;&#8221;][vc_column][vc_empty_space height=&#8221;26px&#8221;][vc_column_text]<\/p>\n<h1 style=\"text-align: center;\">Qui sommes-nous ?<\/h1>\n<p>[\/vc_column_text][vc_empty_space height=&#8221;11px&#8221;][vc_column_text]<\/p>\n<h5 style=\"text-align: center;\">La seule entreprise en Europe\u00a0\u00e0 vous proposer des d\u00e9s d&#8217;exception !<\/h5>\n<p>[\/vc_column_text][\/vc_column][\/vc_row][vc_row css_animation=&#8221;&#8221; row_type=&#8221;row&#8221; use_row_as_full_screen_section=&#8221;no&#8221; type=&#8221;full_width&#8221; anchor=&#8221;facts&#8221; angled_section=&#8221;no&#8221; text_align=&#8221;left&#8221; background_image_as_pattern=&#8221;without_pattern&#8221;][vc_column][vc_row_inner row_type=&#8221;row&#8221; type=&#8221;grid&#8221; text_align=&#8221;left&#8221; padding_top=&#8221;50&#8243; padding_bottom=&#8221;50&#8243; css_animation=&#8221;&#8221;][vc_column_inner][vc_single_image image=&#8221;328&#8243; img_size=&#8221;full&#8221; alignment=&#8221;center&#8221; qode_css_animation=&#8221;&#8221;][vc_empty_space height=&#8221;50px&#8221;][vc_column_text]<\/p>\n<h5><span style=\"color: #97c240;\">La Guilde du D\u00e9 s\u2019efforce de d\u00e9nicher de part le monde, toutes sortes de d\u00e9s \u00e0 coudre avec pour objectifs la qualit\u00e9 et l\u2019originalit\u00e9.<\/span><\/h5>\n<p>[\/vc_column_text][\/vc_column_inner][\/vc_row_inner][qode_elements_holder background_color=&#8221;#fafafa&#8221; number_of_columns=&#8221;two_columns&#8221; switch_to_one_column=&#8221;768&#8243; alignment_one_column=&#8221;center&#8221;][qode_elements_holder_item background_color=&#8221;#fafafa&#8221; background_image=&#8221;514&#8243; item_padding=&#8221;0% 0% 0% 0%&#8221; advanced_animations=&#8221;no&#8221; item_padding_1024_1280=&#8221;0% 0% 0% 0%&#8221; item_padding_768_1024=&#8221;0% 0% 0% 0%&#8221; item_padding_600_768=&#8221;39%&#8221; item_padding_480_600=&#8221;46%&#8221; item_padding_480=&#8221;55%&#8221; custom_class=&#8221;bg-photo-guilde&#8221;][\/qode_elements_holder_item][qode_elements_holder_item background_color=&#8221;#fafafa&#8221; item_padding=&#8221;12.8% 20.7% 12.7% 20.5%&#8221; advanced_animations=&#8221;no&#8221; item_padding_1024_1280=&#8221;10% 19.3% 11.5% 18%&#8221; item_padding_600_768=&#8221;7.5% 17.7% 11.5% 16%&#8221; item_padding_480_600=&#8221;7% 17% 11.5% 16%&#8221; item_padding_480=&#8221;3% 16.7% 11.5% 16%&#8221;][vc_column_text]<\/p>\n<h3 style=\"text-align: left;\"><span style=\"color: #97c240;\">Notre offre<\/span><\/h3>\n<p>[\/vc_column_text][vc_empty_space height=&#8221;41px&#8221;][vc_column_text]Nous ne vendons pas directement aux collectionneurs (except\u00e9, nos offres sp\u00e9ciales), mais aux magasins sp\u00e9cialis\u00e9s en cadeaux, collections, merceries, antiquaires, boutiques de mus\u00e9es &#8230; Nos clients se situent en France et \u00e0 l\u2019\u00e9tranger, Belgique, Suisse, Italie, Allemagne, Japon &#8230;[\/vc_column_text][\/qode_elements_holder_item][\/qode_elements_holder][\/vc_column][\/vc_row][vc_row css_animation=&#8221;&#8221; row_type=&#8221;row&#8221; use_row_as_full_screen_section=&#8221;no&#8221; type=&#8221;full_width&#8221; angled_section=&#8221;no&#8221; text_align=&#8221;left&#8221; background_image_as_pattern=&#8221;without_pattern&#8221;][vc_column][qode_elements_holder number_of_columns=&#8221;two_columns&#8221;][qode_elements_holder_item item_padding=&#8221;12% 16.6% 12% 16.6%&#8221; advanced_animations=&#8221;no&#8221; item_padding_1024_1280=&#8221;13.35% 12% 14.9% 12.3%&#8221; item_padding_768_1024=&#8221;11.35% 5% 14.9% 5.3%&#8221; item_padding_600_768=&#8221;10.35% 18% 10.9% 16.8%&#8221;][vc_column_text]<\/p>\n<h3 style=\"text-align: left;\"><span style=\"color: #97c240;\">Le plaisir avant tout<\/span><\/h3>\n<p>[\/vc_column_text][vc_empty_space height=&#8221;41px&#8221;][vc_column_text]Nous avons conscience d\u2019exercer un m\u00e9tier exceptionnel o\u00f9 les plaisirs sont multiples, plaisir de la recherche, plaisir de la d\u00e9couverte, plaisir des yeux, plaisir de faire partager notre passion, plaisir de satisfaire le collectionneur exigeant en lui trouvant des d\u00e9s \u00e0 coudre autres que ceux fabriqu\u00e9s en \u00ab volume \u00bb .[\/vc_column_text][\/qode_elements_holder_item][qode_elements_holder_item background_image=&#8221;519&#8243; item_padding=&#8221;0% 0% 0% 0%&#8221; advanced_animations=&#8221;no&#8221; item_padding_1024_1280=&#8221;0% 0% 0% 0%&#8221; item_padding_768_1024=&#8221;5% 5% 5% 5%&#8221; item_padding_600_768=&#8221;20% 5% 61% 5%&#8221; item_padding_480_600=&#8221;46%&#8221; item_padding_480=&#8221;55%&#8221; custom_class=&#8221;bg-photo-guilde&#8221;][\/qode_elements_holder_item][\/qode_elements_holder][\/vc_column][\/vc_row][vc_row row_type=&#8221;parallax&#8221; parallax_content_width=&#8221;in_grid&#8221; anchor=&#8221;locations&#8221; text_align=&#8221;left&#8221; background_image=&#8221;430&#8243; full_screen_section_height=&#8221;no&#8221;][vc_column][vc_empty_space height=&#8221;120px&#8221;][vc_row_inner row_type=&#8221;row&#8221; type=&#8221;grid&#8221; text_align=&#8221;left&#8221; css_animation=&#8221;&#8221; el_class=&#8221;txt-blanc&#8221;][vc_column_inner width=&#8221;3\/5&#8243; offset=&#8221;vc_col-lg-offset-1\/5&#8243; css=&#8221;.vc_custom_1540911735405{padding-top: 30px !important;padding-right: 30px !important;padding-bottom: 30px !important;padding-left: 30px !important;}&#8221; el_id=&#8221;bloc-border-blanc&#8221;][vc_column_text]<\/p>\n<h5>La Guilde du D\u00e9 existe depuis plus de 20 ans, la soci\u00e9t\u00e9 ICD Collections a d\u00e9sormais repris le flambeau. Depuis 2000, La Guilde du D\u00e9 cr\u00e9e aussi ses propres collections, avec toujours la volont\u00e9 de rester originale et d\u2019\u00e9diter des s\u00e9ries en nombres limit\u00e9s.<\/h5>\n<p>[\/vc_column_text][\/vc_column_inner][\/vc_row_inner][vc_empty_space height=&#8221;120px&#8221;][\/vc_column][\/vc_row][vc_row css_animation=&#8221;&#8221; row_type=&#8221;row&#8221; use_row_as_full_screen_section=&#8221;no&#8221; type=&#8221;full_width&#8221; angled_section=&#8221;no&#8221; text_align=&#8221;left&#8221; background_image_as_pattern=&#8221;without_pattern&#8221;][vc_column]<div class=\"call_to_action normal\" style=\"background-color: #fafafa;padding-top: 69px;padding-bottom: 69px;\"><div class=\"container_inner\"><div class=\"two_columns_75_25 clearfix\"><div class=\"text_wrapper column1\"><div class=\"call_to_action_text  letter_spacing_inherit\" style=\"letter-spacing: 0px;\">\n<h5>La Guilde du D\u00e9, n\u00b0 1 du d\u00e9 \u00e0 coudre de collection en France.<\/h5>\n<\/div><\/div><div class=\"button_wrapper column2\"><a itemprop=\"url\" href=\"https:\/\/www.laguildedude.com\/boutique\/boutique-du-de-a-coudre-vente-en-ligne-13\/\" class=\"qbutton white \" target=\"_self\" style=\"color: #ffffff;border-color: #97c240;background-color: #97c240;\"data-hover-background-color=#222222 data-hover-border-color=#222222 data-hover-color=#ffffff>La boutique<\/a><\/div><\/div><\/div><\/div>[\/vc_column][\/vc_row]<\/p>\n<!-- AddThis Advanced Settings generic via filter on the_content --><!-- AddThis Share Buttons generic via filter on the_content -->","protected":false},"excerpt":{"rendered":"<p>[vc_row css_animation=&#8221;&#8221; row_type=&#8221;row&#8221; use_row_as_full_screen_section=&#8221;no&#8221; type=&#8221;grid&#8221; anchor=&#8221;about&#8221; angled_section=&#8221;no&#8221; text_align=&#8221;left&#8221; background_image_as_pattern=&#8221;without_pattern&#8221; css=&#8221;.vc_custom_1540827173181{padding-top: 100px !important;padding-bottom: 50px !important;}&#8221; z_index=&#8221;&#8221;][vc_column][vc_empty_space height=&#8221;26px&#8221;][vc_column_text] Qui sommes-nous ? [\/vc_column_text][vc_empty_space height=&#8221;11px&#8221;][vc_column_text] La seule entreprise en Europe\u00a0\u00e0 vous proposer des d\u00e9s d&#8217;exception ! [\/vc_column_text][\/vc_column][\/vc_row][vc_row css_animation=&#8221;&#8221; row_type=&#8221;row&#8221; use_row_as_full_screen_section=&#8221;no&#8221; type=&#8221;full_width&#8221; anchor=&#8221;facts&#8221; angled_section=&#8221;no&#8221; text_align=&#8221;left&#8221; background_image_as_pattern=&#8221;without_pattern&#8221;][vc_column][vc_row_inner row_type=&#8221;row&#8221; type=&#8221;grid&#8221; text_align=&#8221;left&#8221; padding_top=&#8221;50&#8243;&#8230;<\/p>\n","protected":false},"author":1,"featured_media":0,"parent":0,"menu_order":0,"comment_status":"closed","ping_status":"closed","template":"full_width.php","meta":[],"_links":{"self":[{"href":"https:\/\/www.laguildedude.com\/fr\/wp-json\/wp\/v2\/pages\/444"}],"collection":[{"href":"https:\/\/www.laguildedude.com\/fr\/wp-json\/wp\/v2\/pages"}],"about":[{"href":"https:\/\/www.laguildedude.com\/fr\/wp-json\/wp\/v2\/types\/page"}],"author":[{"embeddable":true,"href":"https:\/\/www.laguildedude.com\/fr\/wp-json\/wp\/v2\/users\/1"}],"replies":[{"embeddable":true,"href":"https:\/\/www.laguildedude.com\/fr\/wp-json\/wp\/v2\/comments?post=444"}],"version-history":[{"count":36,"href":"https:\/\/www.laguildedude.com\/fr\/wp-json\/wp\/v2\/pages\/444\/revisions"}],"predecessor-version":[{"id":538,"href":"https:\/\/www.laguildedude.com\/fr\/wp-json\/wp\/v2\/pages\/444\/revisions\/538"}],"wp:attachment":[{"href":"https:\/\/www.laguildedude.com\/fr\/wp-json\/wp\/v2\/media?parent=444"}],"curies":[{"name":"wp","href":"https:\/\/api.w.org\/{rel}","templated":true}]}}